{"id":21,"date":"2026-03-09T09:53:07","date_gmt":"2026-03-09T09:53:07","guid":{"rendered":"https:\/\/chezelsy.ch\/?page_id=21"},"modified":"2026-04-28T22:10:31","modified_gmt":"2026-04-28T22:10:31","slug":"acces","status":"publish","type":"page","link":"https:\/\/chezelsy.ch\/it\/acces\/","title":{"rendered":"Accesso"},"content":{"rendered":"<div data-elementor-type=\"wp-page\" data-elementor-id=\"21\" class=\"elementor elementor-21\" data-elementor-post-type=\"page\">\n\t\t\t\t<div data-particle_enable=\"false\" data-particle-mobile-disabled=\"false\" class=\"elementor-element elementor-element-678b8a0 e-flex e-con-boxed e-con e-parent\" data-id=\"678b8a0\" data-element_type=\"container\" data-e-type=\"container\" data-settings=\"{&quot;background_background&quot;:&quot;classic&quot;}\">\n\t\t\t\t\t<div class=\"e-con-inner\">\n\t\t\t\t<div class=\"elementor-element elementor-element-02aba9b elementor-widget elementor-widget-text-editor\" data-id=\"02aba9b\" data-element_type=\"widget\" data-e-type=\"widget\" data-widget_type=\"text-editor.default\">\n\t\t\t\t\t\t\t\t\t<p class=\"ph-label\">Rue du Pas-de-l&rsquo;Ours 48 \u00b7 3963 Crans VS<\/p>\t\t\t\t\t\t\t\t<\/div>\n\t\t\t\t<div class=\"elementor-element elementor-element-b29c8d0 elementor-widget-divider--view-line elementor-widget elementor-widget-divider\" data-id=\"b29c8d0\" data-element_type=\"widget\" data-e-type=\"widget\" data-widget_type=\"divider.default\">\n\t\t\t\t\t\t\t<div class=\"elementor-divider\">\n\t\t\t<span class=\"elementor-divider-separator\">\n\t\t\t\t\t\t<\/span>\n\t\t<\/div>\n\t\t\t\t\t\t<\/div>\n\t\t\t\t<div class=\"elementor-element elementor-element-bda53dc elementor-widget elementor-widget-heading\" data-id=\"bda53dc\" data-element_type=\"widget\" data-e-type=\"widget\" data-widget_type=\"heading.default\">\n\t\t\t\t\t<h1 class=\"elementor-heading-title elementor-size-default\">Acc\u00e8s &amp; Situation\n<\/h1>\t\t\t\t<\/div>\n\t\t\t\t<div class=\"elementor-element elementor-element-28d1192 elementor-widget-divider--view-line elementor-widget elementor-widget-divider\" data-id=\"28d1192\" data-element_type=\"widget\" data-e-type=\"widget\" data-widget_type=\"divider.default\">\n\t\t\t\t\t\t\t<div class=\"elementor-divider\">\n\t\t\t<span class=\"elementor-divider-separator\">\n\t\t\t\t\t\t<\/span>\n\t\t<\/div>\n\t\t\t\t\t\t<\/div>\n\t\t\t\t\t<\/div>\n\t\t\t\t<\/div>\n\t\t<div data-particle_enable=\"false\" data-particle-mobile-disabled=\"false\" class=\"elementor-element elementor-element-c84a7d8 e-con-full e-flex e-con e-parent\" data-id=\"c84a7d8\" data-element_type=\"container\" data-e-type=\"container\">\n\t\t<div data-particle_enable=\"false\" data-particle-mobile-disabled=\"false\" class=\"elementor-element elementor-element-bfe7e04 e-con-full e-flex e-con e-child\" data-id=\"bfe7e04\" data-element_type=\"container\" data-e-type=\"container\" data-settings=\"{&quot;background_background&quot;:&quot;classic&quot;}\">\n\t\t\t\t<div class=\"elementor-element elementor-element-cbc0f7f elementor-widget elementor-widget-google_maps\" data-id=\"cbc0f7f\" data-element_type=\"widget\" data-e-type=\"widget\" data-widget_type=\"google_maps.default\">\n\t\t\t\t\t\t\t<div class=\"elementor-custom-embed\">\n\t\t\t<iframe loading=\"lazy\"\n\t\t\t\t\tsrc=\"https:\/\/maps.google.com\/maps?q=Chez%20Elsy%20Crans-Montana&#038;t=m&#038;z=12&#038;output=embed&#038;iwloc=near\"\n\t\t\t\t\ttitle=\"Chez Elsy Crans-Montana\"\n\t\t\t\t\taria-label=\"Chez Elsy Crans-Montana\"\n\t\t\t><\/iframe>\n\t\t<\/div>\n\t\t\t\t\t\t<\/div>\n\t\t\t\t<\/div>\n\t\t<div data-particle_enable=\"false\" data-particle-mobile-disabled=\"false\" class=\"elementor-element elementor-element-881c1ee e-con-full e-flex e-con e-child\" data-id=\"881c1ee\" data-element_type=\"container\" data-e-type=\"container\">\n\t\t\t\t<div class=\"elementor-element elementor-element-ee84e33 elementor-widget elementor-widget-text-editor\" data-id=\"ee84e33\" data-element_type=\"widget\" data-e-type=\"widget\" data-widget_type=\"text-editor.default\">\n\t\t\t\t\t\t\t\t\t<p>Un acc\u00e8s facile<\/p>\t\t\t\t\t\t\t\t<\/div>\n\t\t\t\t<div class=\"elementor-element elementor-element-75120ba elementor-widget elementor-widget-heading\" data-id=\"75120ba\" data-element_type=\"widget\" data-e-type=\"widget\" data-widget_type=\"heading.default\">\n\t\t\t\t\t<h2 class=\"elementor-heading-title elementor-size-default\">O\u00f9 nous trouver<\/h2>\t\t\t\t<\/div>\n\t\t\t\t<div class=\"elementor-element elementor-element-68f5900 elementor-widget-divider--view-line elementor-widget elementor-widget-divider\" data-id=\"68f5900\" data-element_type=\"widget\" data-e-type=\"widget\" data-widget_type=\"divider.default\">\n\t\t\t\t\t\t\t<div class=\"elementor-divider\">\n\t\t\t<span class=\"elementor-divider-separator\">\n\t\t\t\t\t\t<\/span>\n\t\t<\/div>\n\t\t\t\t\t\t<\/div>\n\t\t\t\t<div class=\"elementor-element elementor-element-6266586 elementor-icon-list--layout-traditional elementor-list-item-link-full_width elementor-widget elementor-widget-icon-list\" data-id=\"6266586\" data-element_type=\"widget\" data-e-type=\"widget\" data-widget_type=\"icon-list.default\">\n\t\t\t\t\t\t\t<ul class=\"elementor-icon-list-items\">\n\t\t\t\t\t\t\t<li class=\"elementor-icon-list-item\">\n\t\t\t\t\t\t\t\t\t\t\t<a href=\"https:\/\/maps.app.goo.gl\/Hi3Xeimn58ipdnWg6\">\n\n\t\t\t\t\t\t\t\t\t\t\t\t<span class=\"elementor-icon-list-icon\">\n\t\t\t\t\t\t\t<svg aria-hidden=\"true\" class=\"e-font-icon-svg e-fas-search-location\" viewbox=\"0 0 512 512\" xmlns=\"http:\/\/www.w3.org\/2000\/svg\"><path d=\"M505.04 442.66l-99.71-99.69c-4.5-4.5-10.6-7-17-7h-16.3c27.6-35.3 44-79.69 44-127.99C416.03 93.09 322.92 0 208.02 0S0 93.09 0 207.98s93.11 207.98 208.02 207.98c48.3 0 92.71-16.4 128.01-44v16.3c0 6.4 2.5 12.5 7 17l99.71 99.69c9.4 9.4 24.6 9.4 33.9 0l28.3-28.3c9.4-9.4 9.4-24.59.1-33.99zm-297.02-90.7c-79.54 0-144-64.34-144-143.98 0-79.53 64.35-143.98 144-143.98 79.54 0 144 64.34 144 143.98 0 79.53-64.35 143.98-144 143.98zm.02-239.96c-40.78 0-73.84 33.05-73.84 73.83 0 32.96 48.26 93.05 66.75 114.86a9.24 9.24 0 0 0 14.18 0c18.49-21.81 66.75-81.89 66.75-114.86 0-40.78-33.06-73.83-73.84-73.83zm0 96c-13.26 0-24-10.75-24-24 0-13.26 10.75-24 24-24s24 10.74 24 24c0 13.25-10.75 24-24 24z\"><\/path><\/svg>\t\t\t\t\t\t<\/span>\n\t\t\t\t\t\t\t\t\t\t<span class=\"elementor-icon-list-text\">Indirizzo: Rue du Pas-de-l'Ours 48, 3963 Crans VS<\/span>\n\t\t\t\t\t\t\t\t\t\t\t<\/a>\n\t\t\t\t\t\t\t\t\t<\/li>\n\t\t\t\t\t\t\t\t<li class=\"elementor-icon-list-item\">\n\t\t\t\t\t\t\t\t\t\t\t<a href=\"tel:+41274831441\">\n\n\t\t\t\t\t\t\t\t\t\t\t\t<span class=\"elementor-icon-list-icon\">\n\t\t\t\t\t\t\t<svg aria-hidden=\"true\" class=\"e-font-icon-svg e-fas-phone-alt\" viewbox=\"0 0 512 512\" xmlns=\"http:\/\/www.w3.org\/2000\/svg\"><path d=\"M497.39 361.8l-112-48a24 24 0 0 0-28 6.9l-49.6 60.6A370.66 370.66 0 0 1 130.6 204.11l60.6-49.6a23.94 23.94 0 0 0 6.9-28l-48-112A24.16 24.16 0 0 0 122.6.61l-104 24A24 24 0 0 0 0 48c0 256.5 207.9 464 464 464a24 24 0 0 0 23.4-18.6l24-104a24.29 24.29 0 0 0-14.01-27.6z\"><\/path><\/svg>\t\t\t\t\t\t<\/span>\n\t\t\t\t\t\t\t\t\t\t<span class=\"elementor-icon-list-text\">T\u00e9l\u00e9phone : +41 27 483 14 41<\/span>\n\t\t\t\t\t\t\t\t\t\t\t<\/a>\n\t\t\t\t\t\t\t\t\t<\/li>\n\t\t\t\t\t\t\t\t<li class=\"elementor-icon-list-item\">\n\t\t\t\t\t\t\t\t\t\t\t<a href=\"mailto:info@chezelesy.ch\">\n\n\t\t\t\t\t\t\t\t\t\t\t\t<span class=\"elementor-icon-list-icon\">\n\t\t\t\t\t\t\t<svg aria-hidden=\"true\" class=\"e-font-icon-svg e-fas-envelope\" viewbox=\"0 0 512 512\" xmlns=\"http:\/\/www.w3.org\/2000\/svg\"><path d=\"M502.3 190.8c3.9-3.1 9.7-.2 9.7 4.7V400c0 26.5-21.5 48-48 48H48c-26.5 0-48-21.5-48-48V195.6c0-5 5.7-7.8 9.7-4.7 22.4 17.4 52.1 39.5 154.1 113.6 21.1 15.4 56.7 47.8 92.2 47.6 35.7.3 72-32.8 92.3-47.6 102-74.1 131.6-96.3 154-113.7zM256 320c23.2.4 56.6-29.2 73.4-41.4 132.7-96.3 142.8-104.7 173.4-128.7 5.8-4.5 9.2-11.5 9.2-18.9v-19c0-26.5-21.5-48-48-48H48C21.5 64 0 85.5 0 112v19c0 7.4 3.4 14.3 9.2 18.9 30.6 23.9 40.7 32.4 173.4 128.7 16.8 12.2 50.2 41.8 73.4 41.4z\"><\/path><\/svg>\t\t\t\t\t\t<\/span>\n\t\t\t\t\t\t\t\t\t\t<span class=\"elementor-icon-list-text\">Posta elettronica: info@chezelsy.ch<\/span>\n\t\t\t\t\t\t\t\t\t\t\t<\/a>\n\t\t\t\t\t\t\t\t\t<\/li>\n\t\t\t\t\t\t<\/ul>\n\t\t\t\t\t\t<\/div>\n\t\t\t\t<div class=\"elementor-element elementor-element-9c683b9 elementor-widget-divider--view-line elementor-widget elementor-widget-divider\" data-id=\"9c683b9\" data-element_type=\"widget\" data-e-type=\"widget\" data-widget_type=\"divider.default\">\n\t\t\t\t\t\t\t<div class=\"elementor-divider\">\n\t\t\t<span class=\"elementor-divider-separator\">\n\t\t\t\t\t\t<\/span>\n\t\t<\/div>\n\t\t\t\t\t\t<\/div>\n\t\t\t\t<div class=\"elementor-element elementor-element-08b75af elementor-widget elementor-widget-button\" data-id=\"08b75af\" data-element_type=\"widget\" data-e-type=\"widget\" data-widget_type=\"button.default\">\n\t\t\t\t\t\t\t\t\t\t<a class=\"elementor-button elementor-button-link elementor-size-sm\" href=\"https:\/\/maps.app.goo.gl\/Hi3Xeimn58ipdnWg6\" target=\"_blank\">\n\t\t\t\t\t\t<span class=\"elementor-button-content-wrapper\">\n\t\t\t\t\t\t\t\t\t<span class=\"elementor-button-text\">Ouvrir dans google maps<\/span>\n\t\t\t\t\t<\/span>\n\t\t\t\t\t<\/a>\n\t\t\t\t\t\t\t\t<\/div>\n\t\t\t\t<\/div>\n\t\t\t\t<\/div>\n\t\t<div data-particle_enable=\"false\" data-particle-mobile-disabled=\"false\" class=\"elementor-element elementor-element-ac60c53 e-con-full e-flex e-con e-parent\" data-id=\"ac60c53\" data-element_type=\"container\" data-e-type=\"container\">\n\t\t\t\t<div class=\"elementor-element elementor-element-62b21ff elementor-widget elementor-widget-html\" data-id=\"62b21ff\" data-element_type=\"widget\" data-e-type=\"widget\" data-widget_type=\"html.default\">\n\t\t\t\t\t<!-- \u2550\u2550\u2550\u2550\u2550\u2550\u2550\u2550\u2550\u2550\u2550\u2550\u2550\u2550\u2550\u2550\u2550\u2550\u2550\u2550\u2550\u2550\u2550\u2550\u2550\u2550\u2550\u2550\u2550\u2550\u2550\u2550\u2550\u2550\u2550\u2550\u2550\u2550\u2550\u2550\u2550\u2550\u2550\u2550\u2550\u2550\u2550\u2550\u2550\u2550\u2550\r\n     WIDGET TRANSPORTS PUBLICS \u2014 Chez Elsy\r\n     Coller dans un widget HTML Elementor\r\n     \u2550\u2550\u2550\u2550\u2550\u2550\u2550\u2550\u2550\u2550\u2550\u2550\u2550\u2550\u2550\u2550\u2550\u2550\u2550\u2550\u2550\u2550\u2550\u2550\u2550\u2550\u2550\u2550\u2550\u2550\u2550\u2550\u2550\u2550\u2550\u2550\u2550\u2550\u2550\u2550\u2550\u2550\u2550\u2550\u2550\u2550\u2550\u2550\u2550\u2550\u2550 -->\r\n\r\n<style>\r\n.elsy-tp { background:#F0F0F1; padding:72px 0; }\r\n.elsy-tp-head { text-align:center; margin-bottom:48px; }\r\n.elsy-tp-label {\r\n  display:block;\r\n  font-family:'Oswald',sans-serif !important;\r\n  font-size:11px !important;\r\n  font-weight:400 !important;\r\n  letter-spacing:.2em !important;\r\n  text-transform:uppercase !important;\r\n  color:#C3963E !important;\r\n  margin-bottom:14px !important;\r\n}\r\n.elsy-tp-title {\r\n  font-family:'EB Garamond',Georgia,serif !important;\r\n  font-size:clamp(24px,3vw,36px) !important;\r\n  font-weight:400 !important;\r\n  color:#225051 !important;\r\n  line-height:1.2 !important;\r\n}\r\n.elsy-tp-grid {\r\n  display:grid;\r\n  grid-template-columns:repeat(3,1fr);\r\n  gap:20px;\r\n  max-width:1100px;\r\n  margin:0 auto;\r\n  padding:0 40px;\r\n}\r\n.elsy-tp-card {\r\n  background:#fff;\r\n  padding:32px 28px;\r\n  border-top:2px solid #C3963E;\r\n  opacity:0;\r\n  transform:translateY(24px);\r\n  transition:opacity .5s ease,transform .5s ease;\r\n}\r\n.elsy-tp-card.tp-visible { opacity:1; transform:translateY(0); }\r\n.elsy-tp-card:nth-child(1) { transition-delay:.05s; }\r\n.elsy-tp-card:nth-child(2) { transition-delay:.15s; }\r\n.elsy-tp-card:nth-child(3) { transition-delay:.25s; }\r\n.elsy-tp-icon {\r\n  font-size:28px !important;\r\n  display:block;\r\n  margin-bottom:14px;\r\n}\r\n.elsy-tp-card-title {\r\n  font-family:'Oswald',sans-serif !important;\r\n  font-size:13px !important;\r\n  font-weight:400 !important;\r\n  letter-spacing:.12em !important;\r\n  text-transform:uppercase !important;\r\n  color:#225051 !important;\r\n  margin:0 0 16px !important;\r\n}\r\n.elsy-tp-steps { display:flex; flex-direction:column; gap:10px; }\r\n.elsy-tp-step { display:flex; gap:12px; align-items:flex-start; }\r\n.elsy-tp-num {\r\n  font-family:'Oswald',sans-serif !important;\r\n  font-size:11px !important;\r\n  font-weight:400 !important;\r\n  color:#C3963E !important;\r\n  flex-shrink:0;\r\n  width:18px;\r\n  padding-top:2px;\r\n}\r\n.elsy-tp-text {\r\n  font-family:'Oswald',sans-serif !important;\r\n  font-size:13px !important;\r\n  font-weight:300 !important;\r\n  color:#6C8789 !important;\r\n  line-height:1.6 !important;\r\n  margin:0 !important;\r\n}\r\n.elsy-tp-text strong {\r\n  color:#225051 !important;\r\n  font-weight:400 !important;\r\n}\r\n.elsy-tp-link {\r\n  display:inline-block !important;\r\n  margin-top:20px !important;\r\n  font-family:'Oswald',sans-serif !important;\r\n  font-size:11px !important;\r\n  letter-spacing:.1em !important;\r\n  text-transform:uppercase !important;\r\n  color:#C3963E !important;\r\n  text-decoration:none !important;\r\n  transition:opacity .2s !important;\r\n}\r\n.elsy-tp-link:hover { opacity:.65 !important; }\r\n@media(max-width:860px){\r\n  .elsy-tp-grid { grid-template-columns:1fr; padding:0 24px; }\r\n}\r\n<\/style>\r\n\r\n<div class=\"elsy-tp\">\r\n  <div class=\"elsy-tp-head\">\r\n    <span class=\"elsy-tp-label\">Transports publics<\/span>\r\n    <h2 class=\"elsy-tp-title\">Venez sans voiture \u2014 c'est possible<\/h2>\r\n  <\/div>\r\n\r\n  <div class=\"elsy-tp-grid\">\r\n\r\n    <!-- Depuis Sion -->\r\n    <div class=\"elsy-tp-card\">\r\n      <span class=\"elsy-tp-icon\">\ud83d\ude8c<\/span>\r\n      <p class=\"elsy-tp-card-title\">Depuis Sion<\/p>\r\n      <div class=\"elsy-tp-steps\">\r\n        <div class=\"elsy-tp-step\">\r\n          <span class=\"elsy-tp-num\">1.<\/span>\r\n          <p class=\"elsy-tp-text\">Gare de Sion \u2192 car postal direction <strong>Crans-Montana<\/strong> (45 min)<\/p>\r\n        <\/div>\r\n        <div class=\"elsy-tp-step\">\r\n          <span class=\"elsy-tp-num\">2.<\/span>\r\n          <p class=\"elsy-tp-text\">Descendre \u00e0 l'arr\u00eat <strong>Essampilles<\/strong><\/p>\r\n        <\/div>\r\n        <div class=\"elsy-tp-step\">\r\n          <span class=\"elsy-tp-num\">3.<\/span>\r\n          <p class=\"elsy-tp-text\">2 minutes \u00e0 pied jusqu'\u00e0 Chez Elsy<\/p>\r\n        <\/div>\r\n      <\/div>\r\n      <a href=\"https:\/\/www.sbb.ch\/fr\" target=\"_blank\" class=\"elsy-tp-link\">Horaires CFF \u2192<\/a>\r\n    <\/div>\r\n\r\n    <!-- Depuis Sierre -->\r\n    <div class=\"elsy-tp-card\">\r\n      <span class=\"elsy-tp-icon\">\ud83d\udea0<\/span>\r\n      <p class=\"elsy-tp-card-title\">Depuis Sierre<\/p>\r\n      <div class=\"elsy-tp-steps\">\r\n        <div class=\"elsy-tp-step\">\r\n          <span class=\"elsy-tp-num\">1.<\/span>\r\n          <p class=\"elsy-tp-text\">Gare de Sierre \u2192 <strong>funiculaire<\/strong> jusqu'\u00e0 Crans-Montana (12 min)<\/p>\r\n        <\/div>\r\n        <div class=\"elsy-tp-step\">\r\n          <span class=\"elsy-tp-num\">2.<\/span>\r\n          <p class=\"elsy-tp-text\">Navette gratuite jusqu'\u00e0 l'arr\u00eat <strong>Essampilles<\/strong><\/p>\r\n        <\/div>\r\n        <div class=\"elsy-tp-step\">\r\n          <span class=\"elsy-tp-num\">3.<\/span>\r\n          <p class=\"elsy-tp-text\">2 minutes \u00e0 pied jusqu'\u00e0 Chez Elsy<\/p>\r\n        <\/div>\r\n      <\/div>\r\n      <a href=\"https:\/\/www.sbb.ch\/fr\" target=\"_blank\" class=\"elsy-tp-link\">Horaires CFF \u2192<\/a>\r\n    <\/div>\r\n\r\n    <!-- Depuis le centre de Crans -->\r\n    <div class=\"elsy-tp-card\">\r\n      <span class=\"elsy-tp-icon\">\ud83d\udeb6<\/span>\r\n      <p class=\"elsy-tp-card-title\">Depuis le centre de Crans<\/p>\r\n      <div class=\"elsy-tp-steps\">\r\n        <div class=\"elsy-tp-step\">\r\n          <span class=\"elsy-tp-num\">\u2192<\/span>\r\n          <p class=\"elsy-tp-text\"><strong>Navette gratuite<\/strong> en saison \u2014 3 min depuis Crans, arr\u00eat Essampilles<\/p>\r\n        <\/div>\r\n        <div class=\"elsy-tp-step\">\r\n          <span class=\"elsy-tp-num\">\u2192<\/span>\r\n          <p class=\"elsy-tp-text\">\u00c0 pied en <strong>10 min<\/strong> en descendant (15\u201320 min en montant)<\/p>\r\n        <\/div>\r\n        <div class=\"elsy-tp-step\">\r\n          <span class=\"elsy-tp-num\">\u2192<\/span>\r\n          <p class=\"elsy-tp-text\">On vous partage les raccourcis \u00e0 votre arriv\u00e9e !<\/p>\r\n        <\/div>\r\n      <\/div>\r\n      <a href=\"https:\/\/www.crans-montana.ch\/fr\/infos-pratiques\/transports\/\" target=\"_blank\" class=\"elsy-tp-link\">Horaires navettes \u2192<\/a>\r\n    <\/div>\r\n\r\n  <\/div>\r\n<\/div>\r\n\r\n<script>\r\n(function(){\r\n  var cards = document.querySelectorAll('.elsy-tp-card');\r\n  if(!cards.length) return;\r\n  var obs = new IntersectionObserver(function(entries){\r\n    entries.forEach(function(e){\r\n      if(e.isIntersecting){ e.target.classList.add('tp-visible'); obs.unobserve(e.target); }\r\n    });\r\n  },{threshold:0.15});\r\n  cards.forEach(function(c){ obs.observe(c); });\r\n})();\r\n<\/script>\t\t\t\t<\/div>\n\t\t\t\t<\/div>\n\t\t<div data-particle_enable=\"false\" data-particle-mobile-disabled=\"false\" class=\"elementor-element elementor-element-cceb6ac e-con-full e-flex e-con e-parent\" data-id=\"cceb6ac\" data-element_type=\"container\" data-e-type=\"container\">\n\t\t<div data-particle_enable=\"false\" data-particle-mobile-disabled=\"false\" class=\"elementor-element elementor-element-a7e48d8 e-con-full e-flex e-con e-child\" data-id=\"a7e48d8\" data-element_type=\"container\" data-e-type=\"container\" data-settings=\"{&quot;background_background&quot;:&quot;classic&quot;}\">\n\t\t\t\t<\/div>\n\t\t<div data-particle_enable=\"false\" data-particle-mobile-disabled=\"false\" class=\"elementor-element elementor-element-e1fdb3a e-con-full e-flex e-con e-child\" data-id=\"e1fdb3a\" data-element_type=\"container\" data-e-type=\"container\">\n\t\t\t\t<div class=\"elementor-element elementor-element-624aafd elementor-widget elementor-widget-text-editor\" data-id=\"624aafd\" data-element_type=\"widget\" data-e-type=\"widget\" data-widget_type=\"text-editor.default\">\n\t\t\t\t\t\t\t\t\t<p>En voiture<\/p>\t\t\t\t\t\t\t\t<\/div>\n\t\t\t\t<div class=\"elementor-element elementor-element-ede44a9 elementor-widget elementor-widget-heading\" data-id=\"ede44a9\" data-element_type=\"widget\" data-e-type=\"widget\" data-widget_type=\"heading.default\">\n\t\t\t\t\t<h2 class=\"elementor-heading-title elementor-size-default\">Parking gratuit\nsur place<\/h2>\t\t\t\t<\/div>\n\t\t\t\t<div class=\"elementor-element elementor-element-a3a61b1 elementor-widget-divider--view-line elementor-widget elementor-widget-divider\" data-id=\"a3a61b1\" data-element_type=\"widget\" data-e-type=\"widget\" data-widget_type=\"divider.default\">\n\t\t\t\t\t\t\t<div class=\"elementor-divider\">\n\t\t\t<span class=\"elementor-divider-separator\">\n\t\t\t\t\t\t<\/span>\n\t\t<\/div>\n\t\t\t\t\t\t<\/div>\n\t\t\t\t<div class=\"elementor-element elementor-element-8bbfe1d elementor-widget elementor-widget-text-editor\" data-id=\"8bbfe1d\" data-element_type=\"widget\" data-e-type=\"widget\" data-widget_type=\"text-editor.default\">\n\t\t\t\t\t\t\t\t\t<div class=\"map-info-block\">\n<p>Depuis l&rsquo;autoroute A9, sortie&nbsp;<strong>Sierre<\/strong>&nbsp;ou&nbsp;<strong>Sion-Est<\/strong>, suivez la direction Crans-Montana. Rue du Pas-de-l&rsquo;Ours 48&nbsp; \u2014&nbsp; le GPS vous y am\u00e8nera directement.<\/p>\n<p>Une place de parking vous est r\u00e9serv\u00e9e gratuitement pendant toute la dur\u00e9e de votre s\u00e9jour, directement devant l&rsquo;\u00e9tablissement.<\/p>\n<\/div>\t\t\t\t\t\t\t\t<\/div>\n\t\t\t\t<\/div>\n\t\t\t\t<\/div>\n\t\t<div data-particle_enable=\"false\" data-particle-mobile-disabled=\"false\" class=\"elementor-element elementor-element-1d6c704 e-flex e-con-boxed e-con e-parent\" data-id=\"1d6c704\" data-element_type=\"container\" data-e-type=\"container\" data-settings=\"{&quot;background_background&quot;:&quot;classic&quot;}\">\n\t\t\t\t\t<div class=\"e-con-inner\">\n\t\t\t\t<div class=\"elementor-element elementor-element-040b434 elementor-widget elementor-widget-heading\" data-id=\"040b434\" data-element_type=\"widget\" data-e-type=\"widget\" data-widget_type=\"heading.default\">\n\t\t\t\t\t<h2 class=\"elementor-heading-title elementor-size-default\">Tout est pr\u00e9vu pour votre arriv\u00e9e\n<\/h2>\t\t\t\t<\/div>\n\t\t\t\t<div class=\"elementor-element elementor-element-3e39eaa elementor-widget elementor-widget-text-editor\" data-id=\"3e39eaa\" data-element_type=\"widget\" data-e-type=\"widget\" data-widget_type=\"text-editor.default\">\n\t\t\t\t\t\t\t\t\t<p>Navette gratuite dans la station, parking gratuit sur place, easy check-in selon votre heure d&rsquo;arriv\u00e9e.<\/p>\t\t\t\t\t\t\t\t<\/div>\n\t\t\t\t<div class=\"elementor-element elementor-element-b1e0340 elementor-widget-divider--view-line elementor-widget elementor-widget-divider\" data-id=\"b1e0340\" data-element_type=\"widget\" data-e-type=\"widget\" data-widget_type=\"divider.default\">\n\t\t\t\t\t\t\t<div class=\"elementor-divider\">\n\t\t\t<span class=\"elementor-divider-separator\">\n\t\t\t\t\t\t<\/span>\n\t\t<\/div>\n\t\t\t\t\t\t<\/div>\n\t\t<div data-particle_enable=\"false\" data-particle-mobile-disabled=\"false\" class=\"elementor-element elementor-element-2b18d85 e-con-full e-flex e-con e-child\" data-id=\"2b18d85\" data-element_type=\"container\" data-e-type=\"container\">\n\t\t\t\t<div class=\"elementor-element elementor-element-eff1b2f elementor-widget elementor-widget-button\" data-id=\"eff1b2f\" data-element_type=\"widget\" data-e-type=\"widget\" data-widget_type=\"button.default\">\n\t\t\t\t\t\t\t\t\t\t<a class=\"elementor-button elementor-button-link elementor-size-sm\" href=\"https:\/\/booking.roomraccoon.de\/chez-elsy\/fr\/\">\n\t\t\t\t\t\t<span class=\"elementor-button-content-wrapper\">\n\t\t\t\t\t\t\t\t\t<span class=\"elementor-button-text\">R\u00e9server un s\u00e9jour<\/span>\n\t\t\t\t\t<\/span>\n\t\t\t\t\t<\/a>\n\t\t\t\t\t\t\t\t<\/div>\n\t\t\t\t<div class=\"elementor-element elementor-element-1def051 elementor-widget elementor-widget-button\" data-id=\"1def051\" data-element_type=\"widget\" data-e-type=\"widget\" data-widget_type=\"button.default\">\n\t\t\t\t\t\t\t\t\t\t<a class=\"elementor-button elementor-button-link elementor-size-sm\" href=\"https:\/\/chezelsy.ch\/it\/contact\/\">\n\t\t\t\t\t\t<span class=\"elementor-button-content-wrapper\">\n\t\t\t\t\t\t\t\t\t<span class=\"elementor-button-text\">Une question?<\/span>\n\t\t\t\t\t<\/span>\n\t\t\t\t\t<\/a>\n\t\t\t\t\t\t\t\t<\/div>\n\t\t\t\t<\/div>\n\t\t\t\t<div class=\"elementor-element elementor-element-36b3fb6 elementor-widget-divider--view-line elementor-widget elementor-widget-divider\" data-id=\"36b3fb6\" data-element_type=\"widget\" data-e-type=\"widget\" data-widget_type=\"divider.default\">\n\t\t\t\t\t\t\t<div class=\"elementor-divider\">\n\t\t\t<span class=\"elementor-divider-separator\">\n\t\t\t\t\t\t<\/span>\n\t\t<\/div>\n\t\t\t\t\t\t<\/div>\n\t\t\t\t\t<\/div>\n\t\t\t\t<\/div>\n\t\t\t\t<\/div>","protected":false},"excerpt":{"rendered":"<p>Rue du Pas-de-l&rsquo;Ours 48 \u00b7 3963 Crans VS Acc\u00e8s &amp; Situation Un acc\u00e8s facile O\u00f9 nous trouver Adresse : Rue du Pas-de-l&rsquo;Ours 48, 3963 Crans VS T\u00e9l\u00e9phone : +41 27 483 14 41 Mail : info@chezelsy.ch Ouvrir dans google maps Transports publics Venez sans voiture \u2014 c&rsquo;est possible \ud83d\ude8c Depuis Sion 1. Gare de Sion [&hellip;]<\/p>\n","protected":false},"author":1,"featured_media":0,"parent":0,"menu_order":0,"comment_status":"closed","ping_status":"closed","template":"","meta":{"footnotes":""},"class_list":["post-21","page","type-page","status-publish","hentry"],"aioseo_notices":[],"_links":{"self":[{"href":"https:\/\/chezelsy.ch\/it\/wp-json\/wp\/v2\/pages\/21","targetHints":{"allow":["GET"]}}],"collection":[{"href":"https:\/\/chezelsy.ch\/it\/wp-json\/wp\/v2\/pages"}],"about":[{"href":"https:\/\/chezelsy.ch\/it\/wp-json\/wp\/v2\/types\/page"}],"author":[{"embeddable":true,"href":"https:\/\/chezelsy.ch\/it\/wp-json\/wp\/v2\/users\/1"}],"replies":[{"embeddable":true,"href":"https:\/\/chezelsy.ch\/it\/wp-json\/wp\/v2\/comments?post=21"}],"version-history":[{"count":46,"href":"https:\/\/chezelsy.ch\/it\/wp-json\/wp\/v2\/pages\/21\/revisions"}],"predecessor-version":[{"id":974,"href":"https:\/\/chezelsy.ch\/it\/wp-json\/wp\/v2\/pages\/21\/revisions\/974"}],"wp:attachment":[{"href":"https:\/\/chezelsy.ch\/it\/wp-json\/wp\/v2\/media?parent=21"}],"curies":[{"name":"wp","href":"https:\/\/api.w.org\/{rel}","templated":true}]}}